{"id":103,"date":"2009-11-13T21:52:23","date_gmt":"2009-11-13T19:52:23","guid":{"rendered":"http:\/\/www.area97.de\/ofi\/?page_id=103"},"modified":"2023-12-12T20:00:11","modified_gmt":"2023-12-12T19:00:11","slug":"auswarts","status":"publish","type":"page","link":"https:\/\/www.area97.de\/ofi\/?page_id=103","title":{"rendered":"ausw\u00e4rts"},"content":{"rendered":"<p><img loading=\"lazy\" decoding=\"async\" width=\"648\" height=\"258\" class=\"alignnone size-full wp-image-626\" style=\"margin-left: -20px;\" src=\"https:\/\/www.area97.de\/ofi\/wp-content\/uploads\/2009\/11\/Auswaerts.jpg\" alt=\"\" srcset=\"https:\/\/www.area97.de\/ofi\/wp-content\/uploads\/2009\/11\/Auswaerts.jpg 648w, https:\/\/www.area97.de\/ofi\/wp-content\/uploads\/2009\/11\/Auswaerts-300x119.jpg 300w\" sizes=\"auto, (max-width: 648px) 100vw, 648px\" \/><\/p>\n<p style=\"text-align: justify;\">Es soll Leute geben, die glauben, es w\u00e4re eher t\u00f6richt, f\u00fcr 90 Spielminuten einer Fu\u00dfballmannschaft oftmals mehrere Stunden hinterherzureisen. Aber Irren ist ja bekannterma\u00dfen menschlich! Eine Ausw\u00e4rtsfahrt besteht eben nicht nur aus 90 Minuten plus Halbzeitpause! Vielmehr ist auch schon der Weg (ein Teil) des Ziels. W\u00e4hrend nach Heimspielen viele Zuschauer getrennte Wege gehen, schaffen gemeinsame Ausw\u00e4rtsfahrten neue Kontakte, Gespr\u00e4che und einen gemeinschaftlichen Zusammenhalt. Einen Zusammenhalt, den wir alle als VfB brauchen, um auch in der Ferne erfolgreich zu sein. Dabei spielt es nur eine untergeordnete Rolle, ob die Reise per Fahrgemeinschaft in Autos, per Zug oder mit Bussen geschieht. Der gr\u00f6\u00dfte Unterschied besteht lediglich darin, da\u00df Busse einer gr\u00f6\u00dferen Organisation bed\u00fcrfen, auch um den verschiedenen Anspr\u00fcchen gerecht zu werden. Daf\u00fcr veranstalten wir bereits seit vielen Jahren Bustouren. <strong>Sei auch du dabei!<\/strong><\/p>\n<h2>Anmeldung<\/h2>\n<p style=\"text-align: justify;\">Im Regelfall setzen wir zu jedem Ausw\u00e4rtsspiel mindestens einen Bus ein. Die Anzahl ist, je nach Anmeldevorlauf, nat\u00fcrlich nach oben offen. Du mu\u00dft \u00fcbrigens <span style=\"color: #ff0000;\"><em>kein<\/em><\/span> Mitglied in der OFI etc. sein, um mitfahren zu k\u00f6nnen! Unsere Busse sind f\u00fcr alle VfB-Fans offen!*<\/p>\n<p style=\"text-align: justify;\">Du solltest dich m\u00f6glichst rechtzeitig (z.B. bis zu <strong>Beginn der Woche<\/strong> des Ausw\u00e4rtsspiels) \u00fcber die gleich folgenden Wege anmelden. <strong>Je eher, desto besser<\/strong>, weil wir dann noch Handlungsspielraum haben, um n\u00f6tige weitere Busse zu bestellen. Anmelden oder informieren kannst du dich hier&#8230;<\/p>\n<p style=\"padding-left: 20px; padding-right: 20px; padding-top: 10px; text-align: justify;\"><a href=\"https:\/\/www.area97.de\/ofi\/wp-content\/uploads\/2009\/11\/OFImobil1.jpg\"><img loading=\"lazy\" decoding=\"async\" class=\"alignright size-full wp-image-588\" style=\"border: 1px solid black; margin-left: 20px;\" title=\"OFImobil1\" src=\"https:\/\/www.area97.de\/ofi\/wp-content\/uploads\/2009\/11\/OFImobil1.jpg\" alt=\"OFImobil1\" width=\"150\" height=\"200\"><\/a><span style=\"color: black; font-family: 'Lucida Grande',Arial,Helvetica,sans-serif; font-size: 20px; letter-spacing: -1.0px;\"><strong>OFImobil\/Block-J-Schild <\/strong><\/span> <span style=\"color: #000080;\"><strong><img decoding=\"async\" src=\"https:\/\/www.area97.de\/ofi\/wp-content\/themes\/arras-theme\/images\/listbullet01.gif\" alt=\"\"> Gegengerade\/Stadion<\/strong><\/span><br \/>\n<span style=\"color: #808080;\">Unser kleines Mobil im Stadion ist im Normalfall mittig oben auf der Gegengeraden postioniert. Ein freundlicher Mensch steht vor dem Spielbeginn, w\u00e4hrend der Halbzeitpause und kurz nach Spielschlu\u00df dahinter und ist auch f\u00fcr vermeintlich dumme Fragen offen! ;o) Also keine Scheu! Falls wir mal das Mobil nicht im Stadion haben, findet ihr trotzdem immer jemanden am Block-J-Schild, der euch weiterhilft.<\/span><\/p>\n<p style=\"padding-left: 20px; padding-right: 20px; text-align: justify;\"><span style=\"color: black; font-family: 'Lucida Grande',Arial,Helvetica,sans-serif; font-size: 20px; letter-spacing: -1.0px;\"><strong>FanProjekt <\/strong><\/span> <span style=\"color: #000080;\"><strong><img decoding=\"async\" src=\"https:\/\/www.area97.de\/ofi\/wp-content\/themes\/arras-theme\/images\/listbullet01.gif\" alt=\"\"> Damm 24<\/strong><\/span><br \/>\n<span style=\"color: #808080;\">Zu den \u00d6ffnungszeiten k\u00f6nnt ihr euch nat\u00fcrlich auch hier eintragen lassen. Einfach am Tresen nachfragen.<\/span><\/p>\n<p>&nbsp;<\/p>\n<p style=\"padding-left: 20px; padding-right: 20px; text-align: justify;\"><span style=\"color: black; font-family: 'Lucida Grande',Arial,Helvetica,sans-serif; font-size: 20px; letter-spacing: -1.0px;\"><strong>Email <\/strong><\/span> <span style=\"color: #000080;\"><strong><img decoding=\"async\" src=\"https:\/\/www.area97.de\/ofi\/wp-content\/themes\/arras-theme\/images\/listbullet01.gif\" alt=\"\"> Email <a title=\"Email an die OFI\" href=\"mailto:auswaerts@ofi-oldenburg.org?subject=[OFI_auswaerts]&amp;body=Bitte%20mit%20kompletter%20Anschrift%20und%20Telefonnummer!%0D%0AAnmeldungen%20sind%20erst%20nach%20Best%E4tigungsmail%20g%FCltig!%0D%0AZur%20Not%20oder%20falls%20es%20ganz%20schnell%20gehen%20muss:%200175-9241436%0D%0ABis%20dann.\">auswaerts@ofi-oldenburg.org<\/a><\/strong><\/span><br \/>\n<span style=\"color: #808080;\">Auch \u00fcber das Internet m\u00f6chten wir die M\u00f6glichkeiten verst\u00e4rkt nutzen. Allerdings werden Anmeldunge nur mit Vor- und Nachnamen, kompletter Anschrift &amp; Telefonnummer akzeptiert, um &#8222;Karteileichen&#8220; auszuschlie\u00dfen oder m\u00f6gliche \u00c4nderungen durchzugeben. Die Anmeldung ist erst nach unserer Best\u00e4tigung g\u00fcltig!<\/span><\/p>\n<p><img loading=\"lazy\" decoding=\"async\" class=\"size-full wp-image-860 aligncenter\" style=\"border: 1px solid black;\" title=\"Karte_PRmarschweg\" src=\"https:\/\/www.area97.de\/ofi\/wp-content\/uploads\/2009\/11\/Karte_PRmarschweg.jpg\" alt=\"Karte_PRmarschweg\" width=\"400\" height=\"515\"><\/p>\n<h2>Abfahrtsort<\/h2>\n<p>Der allgemeine Treffpunkt und Abfahrtsort ist der <strong>P+R Marschweg<\/strong> (unter der Autobahnbr\u00fccke am Marschwegstadion). Bei Touren ab ca. 4 Bussen aufw\u00e4rts kann der Abfahrtsort an den P+R Weser-Ems-Halle (Freigel\u00e4nde) verlegt werden. Bitte aktuelle Meldungen beachten!<\/p>\n<p>Bei \u00fcbersichtlicher Mitfahrerzahl kassieren wir im Bus, bei mehreren Bussen kassieren wir vor dem Einsteigen. In diesem Fall bitte rechtzeitig 15-30 Minuten vor Abfahrt vorort sein. Es ist au\u00dferdem m\u00f6glich, da\u00df wir vorher Buseinteilungen vornehmen. Dann unbedingt zus\u00e4tzlich die eigene Busnummer erfragen oder m\u00f6glichen Aush\u00e4ngen entnehmen. Die Zuteilung ist bindend!<\/p>\n<h2>Sonstiges<\/h2>\n<p><strong>Preise<\/strong> Die Fahrpreise, die wir veranschlagen, sind Selbstkostenpreise und allein abh\u00e4ngig vom Angebot des jeweiligen Busunternehmens und unserer gesch\u00e4tzten Mitfahrerzahl. Je mehr Mitfahrer pro Bus, desto g\u00fcnstiger ist es f\u00fcr alle. OFI-Mitglieder erhalten in der Regel einen 1,-Euro-Bonus und U18er bezahlen ca. nur die H\u00e4lfte. Die andere H\u00e4lfte wird von uns und nicht den restlichen Mitfahrern getragen, weil wir es wichtig erachten, finanzschw\u00e4cheren jungen Menschen die Fahrten zu erm\u00f6glichen. Wir sind hier auch auf eure Spenden angewiesen!<\/p>\n<p><strong>Rauchen<\/strong> Seit einiger Zeit sind s\u00e4mtliche Busse Nichtraucher-Busse! Zum Schutz und Respekt der nichtrauchenden Mitfahrer in unserer Busgemeinschaft. Auf jeder Fahrt gibt es aber regelm\u00e4\u00dfige Pausen zum Fr\u00f6nen des Lasters.<\/p>\n<p><strong>Pausen<\/strong> Vielleicht das &#8222;schwierigste&#8220; Thema beim Organisieren von Bussen, denn es allen recht zu machen, ist kaum m\u00f6glich. Dennoch haben wir inzwischen eine wenig Erfahrung angesammelt und veranschlagen ca. alle 45 Minuten eine Pause. Dabei halten wir auf der Hinfahrt nicht an Rastst\u00e4tten, da hier erfahrungsgem\u00e4\u00df sehr viel Zeit verloren geht. Auf den R\u00fcckfahrten ist das dagegen kein Problem. Ansonsten bem\u00fchen wir uns zudem, stets Parkpl\u00e4tze mit WCs anzusteuern, um es auch speziell den weiblichen Mitfahrern das &#8222;Austreten&#8220; einigerma\u00dfen w\u00fcrdevoll zu erm\u00f6glichen. Wann wir Pause machen, wird nicht durch die lautesten Personen bestimmt, sondern allein von unseren ehrenahmtlichen Mitgliedern\/Busbegleitern. Bei Bedarf bitte (nur) an diese wenden.<\/p>\n<p><strong>Verpflegung<\/strong> Snacks bieten wir (noch) nicht an, aber durchaus eine breite Palette an Getr\u00e4nken, sowohl nicht-alkoholisch als auch alkoholisch. Jeweils f\u00fcr nur 1,- Euro in der Mitte der Busse erh\u00e4ltlich. Ihr d\u00fcrft euch nat\u00fcrlich auch eigene Verpflegung mitbringen.<\/p>\n<p><strong>Alkohol<\/strong> Auch wenn die meisten Bustouren nah an Parties sind, beim Thema Alkohol sollte es nur Bier oder \u00e4hnliche alkoholische Softdrinks sein. Harte\/hochprozentige alkoholische Getr\u00e4nke sind nicht erw\u00fcnscht! Wer hier meint, den harten Mann markieren zu wollen, sollte sich andere Reisem\u00f6glichkeiten suchen. Jugendliche haben nebebei auch in den Bussen die gesetzlichen Bestimmungen zu beachten. Wir behalten uns \u00fcbrigens vor, bei Mi\u00dfbrauch Leute von den Touren auszuschlie\u00dfen. Das gilt auch f\u00fcr Menschen, die schon vor Fahrtbeginn stark alkoholisiert sind!<\/p>\n<p><strong>M\u00fcll<\/strong> Die Erfahrung hat gezeigt, da\u00df der Ablauf, auch speziell mit den Busunternehmen, wesentlich besser l\u00e4uft, wenn wir alle Mitfahrer darauf achten, den M\u00fcll nicht achtlos in der Gegend herumzupfeffern, sondern kontrolliert in die M\u00fclls\u00e4cke, die wir verteilen, zu entsorgen. Je mehr der Busfahrer hinterher selber reinigen mu\u00df, desto teurer k\u00f6nnten die folgenden Ausw\u00e4rtsfahrten werden. Es sollte auch im Interesse eines Jeden sein, notfalls nach der Fahrt nochmal herumliegenden M\u00fcll einzusammeln.<\/p>\n<p><strong>Fundsachen<\/strong> &#8222;Herrenlose&#8220; Dinge, die beim Aufr\u00e4umen des Busses gefunden werden, bewahren wir anschlie\u00dfend im FanProjekt in unserer &#8218;Fundsachen-Box&#8216; auf. Einfach auch hier am Tresen nachfragen.<\/p>\n<p><strong><img loading=\"lazy\" decoding=\"async\" class=\"alignright size-full wp-image-1102\" title=\"Unite1\" src=\"https:\/\/www.area97.de\/ofi\/wp-content\/uploads\/2009\/11\/Unite1.gif\" alt=\"Unite1\" width=\"200\" height=\"208\">Gemeinschaft<\/strong> All diese Dinge sind Teil eines respektvollen Umgang miteinander und st\u00e4rken unsere VfB-Gemeinschaft. Am Ende der Fahrt soll es m\u00f6glichst jedem Spa\u00df gemacht haben und nicht nur einigen lautstarken Egozentrikern. Deshalb und im Allgemeinen dulden wir auch keine menschenverachtenden \u00c4u\u00dferungen, gewaltt\u00e4tigen Aktionen oder gemeinschaftssch\u00e4digende Provokationen! Solche Typen fliegen raus! Wer andere nicht respektiert, verliert auch unseren Respekt!<\/p>\n<p><strong>*Ausschlu\u00df<\/strong> Unsere Offenheit gilt f\u00fcr alle VfB-Fans, die eben get\u00e4tigte Aussagen unterst\u00fctzen. Wer dem nichts abgewinnen kann, ist nicht erw\u00fcnscht und kann zuhause bleiben. Die Hausverbote im FanProjekt gelten \u00fcbrigens auch f\u00fcr unsere Bustouren.<\/p>\n<p>So, wir hoffen, diese ganzen Regelungen haben euch nicht verunsichert. Im Grunde ist eigentlich alles ganz locker und die Touren sind oftmals die besten Momente des Fanlebens. Kommt einfach mit &amp; habt Spa\u00df!<\/p>\n<p>Aktuelle Infos zum n\u00e4chsten Ausw\u00e4rtsspiel, wie Preise, Platzsituation, Busanzahl und m\u00f6gliche \u00c4nderungen gibt es rechtsoben in der Artikel-Kategorie <a href=\"https:\/\/www.area97.de\/ofi\/?cat=3\" target=\"_self\" rel=\"noopener\">&#8218;ausw\u00e4rtsfahrten&#8216;<\/a>. Sonstige Ank\u00fcndigungen und M\u00f6glichkeiten zur Anreise findet ihr im offiziellen <a title=\"Zum VfB-Forum\" href=\"http:\/\/forum.vfb-oldenburg.de\/viewforum.php?f=6&amp;sid=3ac17d326a5d367d72a37bd116f4d833\" target=\"_blank\" rel=\"noopener\">VfB-Forum\/Fahrgemeinschaften<\/a>.<\/p>\n<p><img decoding=\"async\" style=\"margin-top: 5px;\" src=\"https:\/\/www.area97.de\/ofi\/wp-content\/themes\/arras-theme\/images\/dottedline02.gif\" alt=\"\"><\/p>\n<p><img decoding=\"async\" style=\"margin-left: 0px; margin-top: -10px;\" src=\"https:\/\/www.area97.de\/ofi\/wp-content\/themes\/arras-theme\/images\/arrow_40_right.png\" alt=\"\"><\/p>\n<p style=\"margin-top: -58px; margin-left: 50px; text-align: left;\"><span style=\"color: black; font-family: 'Lucida Grande',Arial,Helvetica,sans-serif; font-size: 24px; letter-spacing: -1.8px;\"><strong>ausw\u00e4rts<\/strong><\/span><span style=\"color: grey; font-size: 13;\"> Anmeldungen, Organisation &amp; Durchf\u00fchrung f\u00fcr\/von Ausw\u00e4rtsfahrten<\/span><\/p>\n<p style=\"padding-left: 50px; margin-top: -19px;\"><img decoding=\"async\" src=\"https:\/\/www.area97.de\/ofi\/wp-content\/themes\/arras-theme\/images\/listbullet01.gif\" alt=\"\"><strong> <a title=\"Email an Gruppe 'ausw\u00e4rts'\" href=\"mailto:auswaerts@ofi-oldenburg.org?subject=[OFI_auswaerts]%20\" target=\"_blank\" rel=\"noopener\">auswaerts@ofi-oldenburg.org<\/a><\/strong><img decoding=\"async\" style=\"margin-left: -50px; margin-top: 5px;\" src=\"https:\/\/www.area97.de\/ofi\/wp-content\/themes\/arras-theme\/images\/dottedline02.gif\" alt=\"\"><\/p>\n","protected":false},"excerpt":{"rendered":"<p>Es soll Leute geben, die glauben, es w\u00e4re eher t\u00f6richt, f\u00fcr 90 Spielminuten einer Fu\u00dfballmannschaft oftmals mehrere Stunden hinterherzureisen. Aber Irren ist ja bekannterma\u00dfen menschlich! &hellip; <\/p>\n","protected":false},"author":1,"featured_media":0,"parent":0,"menu_order":3,"comment_status":"open","ping_status":"open","template":"","meta":{"ngg_post_thumbnail":0,"cybocfi_hide_featured_image":"","footnotes":""},"class_list":["post-103","page","type-page","status-publish","hentry"],"_links":{"self":[{"href":"https:\/\/www.area97.de\/ofi\/index.php?rest_route=\/wp\/v2\/pages\/103","targetHints":{"allow":["GET"]}}],"collection":[{"href":"https:\/\/www.area97.de\/ofi\/index.php?rest_route=\/wp\/v2\/pages"}],"about":[{"href":"https:\/\/www.area97.de\/ofi\/index.php?rest_route=\/wp\/v2\/types\/page"}],"author":[{"embeddable":true,"href":"https:\/\/www.area97.de\/ofi\/index.php?rest_route=\/wp\/v2\/users\/1"}],"replies":[{"embeddable":true,"href":"https:\/\/www.area97.de\/ofi\/index.php?rest_route=%2Fwp%2Fv2%2Fcomments&post=103"}],"version-history":[{"count":106,"href":"https:\/\/www.area97.de\/ofi\/index.php?rest_route=\/wp\/v2\/pages\/103\/revisions"}],"predecessor-version":[{"id":4702,"href":"https:\/\/www.area97.de\/ofi\/index.php?rest_route=\/wp\/v2\/pages\/103\/revisions\/4702"}],"wp:attachment":[{"href":"https:\/\/www.area97.de\/ofi\/index.php?rest_route=%2Fwp%2Fv2%2Fmedia&parent=103"}],"curies":[{"name":"wp","href":"https:\/\/api.w.org\/{rel}","templated":true}]}}