{"id":115,"date":"2009-11-14T15:30:12","date_gmt":"2009-11-14T13:30:12","guid":{"rendered":"http:\/\/www.area97.de\/ofi\/?page_id=115"},"modified":"2023-12-12T19:58:16","modified_gmt":"2023-12-12T18:58:16","slug":"termine","status":"publish","type":"page","link":"https:\/\/www.area97.de\/ofi\/?page_id=115","title":{"rendered":"fanprojekt"},"content":{"rendered":"<p><img loading=\"lazy\" decoding=\"async\" width=\"648\" height=\"250\" class=\"alignnone size-full wp-image-603\" style=\"margin-left: -20px;\" src=\"https:\/\/www.area97.de\/ofi\/wp-content\/uploads\/2009\/11\/FPemblem.jpg\" alt=\"\" srcset=\"https:\/\/www.area97.de\/ofi\/wp-content\/uploads\/2009\/11\/FPemblem.jpg 648w, https:\/\/www.area97.de\/ofi\/wp-content\/uploads\/2009\/11\/FPemblem-300x115.jpg 300w\" sizes=\"auto, (max-width: 648px) 100vw, 648px\" \/><\/p>\n<p style=\"margin-top: 40px; text-align: left;\"><strong><em>Update: Dieser Artikel bezieht sich noch auf die alten R\u00e4ume in der Bahnhofstra\u00dfe. Wir sind umgezogen &amp; renovieren. Bei offizieller Er\u00f6ffnung gibt&#8217;s hier dann auch Neues.<\/em><\/strong><\/p>\n<p style=\"margin-top: 40px; text-align: left;\"><span style=\"font-family: 'Lucida Grande',Arial,Helvetica,sans-serif; font-size: 16px; letter-spacing: -1.0px;\"><strong>Fanprojekt? Wieso gibt es in Oldenburg ein Fanprojekt?<\/strong><\/span><\/p>\n<p style=\"text-align: left;\"><img loading=\"lazy\" decoding=\"async\" class=\"alignright size-full wp-image-555\" style=\"border: 1px solid black; margin: 10px;\" title=\"FanProjekt\" src=\"https:\/\/www.area97.de\/ofi\/wp-content\/uploads\/2009\/11\/FanProjekt.jpg\" alt=\"FanProjekt\" width=\"200\" height=\"240\">Vorweg: Es gibt in Oldenburg kein offizielles Fanprojekt mehr. Das, was heute von uns als &#8222;Fanprojekt&#8220; (kurz: FP) bezeichnet wird, steht nur noch f\u00fcr die R\u00e4umlichkeiten des ehemaligen offiziellen Oldenburger Fanprojektes. Wir treffen uns also nicht regelm\u00e4\u00dfig im OFI-Projekt, im AWO-Haus oder in der Fanzentrale, sondern schlicht und einfach nur &#8222;im FP&#8220;.<\/p>\n<p style=\"text-align: left;\"><img decoding=\"async\" title=\"Weiterlesen...\" src=\"https:\/\/www.area97.de\/ofi\/wp-includes\/js\/tinymce\/plugins\/wordpress\/img\/trans.gif\" alt=\"\">Vor mehreren Jahren gab es aber tats\u00e4chlich noch ein Fanprojekt. Es entstand in der Zweitliga-Zeit des VfB Oldenburgs in den fr\u00fchen 90ern. Unter Mithilfe unseres damaligen Managers Rudi Assauer zog das Fanprojekt (damals noch in das Jugendwerk der AWO eingebunden) zun\u00e4chst in ein Geb\u00e4ude in der Klingenbergstra\u00dfe und sp\u00e4ter in die Souterrainr\u00e4ume der AWO an der Ecke Gottorpstra\u00dfe\/Bahnhofsstra\u00dfe.<\/p>\n<p style=\"text-align: left;\"><img loading=\"lazy\" decoding=\"async\" class=\"alignleft size-full wp-image-558\" style=\"border: 1px solid black; margin: 10px;\" title=\"FPinside01\" src=\"https:\/\/www.area97.de\/ofi\/wp-content\/uploads\/2009\/11\/FPinside01.jpg\" alt=\"FPinside01\" width=\"198\" height=\"148\">Fr\u00fcher wurde das offizielle Fanprojekt von hauptamtlichen Sozialarbeitern geleitet. Finanzielle F\u00f6rderungen kamen vom Land, der Stadt und dem DFB. Nach der sportlichen Talfahrt und dem Abschied aus dem Profifu\u00dfball wurden auch diese F\u00f6rdergelder eingestellt und die von VfB-Fans gegr\u00fcndete OFI unterhielt die R\u00e4umlichkeiten durch eigene Mittel.&nbsp; Das war der Start eines inoffiziellen, von Fans selbstorganisierten und vollkommen unabh\u00e4ngigen Fanprojektes.<\/p>\n<p style=\"text-align: left;\">Mehr zu den Anf\u00e4ngen des Fanprojektes in diesem <a href=\"https:\/\/www.area97.de\/ofi\/?page_id=9\">Artikel<\/a><\/p>\n<p style=\"margin-top: 40px; text-align: left;\"><span style=\"font-family: 'Lucida Grande',Arial,Helvetica,sans-serif; font-size: 16px; letter-spacing: -1.0px;\"><strong>Das Fanprojekt &#8211; die heiligen Hallen<\/strong><\/span><\/p>\n<p style=\"text-align: left;\"><img loading=\"lazy\" decoding=\"async\" class=\"alignright size-full wp-image-560\" style=\"border: 1px solid black; margin: 10px;\" title=\"FPinside02\" src=\"https:\/\/www.area97.de\/ofi\/wp-content\/uploads\/2009\/11\/FPinside02.jpg\" alt=\"FPinside02\" width=\"198\" height=\"148\">Das &#8222;FP&#8220; befindet sich in der Bahnhofstra\u00dfe 23 \/ Ecke Gottorpstra\u00dfe.&nbsp; Es umfasst 3 R\u00e4ume im Souterrain (Halbkeller) des orangefarbenen Haus der Arbeiterwohlfahrt Oldenburg. Neben einigen Sofas soll eine gro\u00dfe Sammlung von Fanschals an den Decken f\u00fcr eine angenehme Atmosph\u00e4re sorgen. Zudem haben wir versucht, das alte Donnerschweer Stadion graphisch an den W\u00e4nden zu verewigen.&nbsp; \u00dcberall finden sich Bilder und Erinnerungsst\u00fccke an fr\u00fchere Spiele oder Fanaktivit\u00e4ten wieder. Ein Fan des VfB Oldenburg sollte sich dort also pudelwohl f\u00fchlen.<\/p>\n<p style=\"text-align: left;\"><img loading=\"lazy\" decoding=\"async\" class=\"alignleft size-full wp-image-562\" style=\"border: 1px solid black; margin: 10px;\" title=\"FPinside03\" src=\"https:\/\/www.area97.de\/ofi\/wp-content\/uploads\/2009\/11\/FPinside03.jpg\" alt=\"FPinside03\" width=\"198\" height=\"149\">Ein neu angeschaffter Kickertisch und eine Dartscheibe stehen den FP-Besuchern neben der Spielesammlung zur Verf\u00fcgung. Zudem befindet sich im FP ein Fanzine- und Fu\u00dfballbucharchiv zum St\u00f6bern. Auf den Sofas oder am Tresen ist reichlich Platz, um einfach nur Musik zu h\u00f6ren oder mit anderen Fans zu kl\u00f6nen. Oder man nimmt am gro\u00dfen K\u00fcchentisch Platz, um in gr\u00f6\u00dferer Runde zu diskutieren. In der K\u00fcche wird gerne mal f\u00fcr alle gekocht. Eine K\u00fcchenzeile mit reichlich Kochutensilien ist vorhanden.<img loading=\"lazy\" decoding=\"async\" class=\"alignright size-full wp-image-1183\" style=\"border: 1px solid black; margin: 10px;\" title=\"FPkicker\" src=\"https:\/\/www.area97.de\/ofi\/wp-content\/uploads\/2009\/11\/FPkicker.jpg\" alt=\"FPkicker\" width=\"198\" height=\"148\"><\/p>\n<p style=\"text-align: left;\"><span style=\"color: #ffffff;\">_<\/span><br \/>\nWichtig f\u00fcr die Fanszene sind die h\u00e4ufig stattfinden Bastelabende. Dann werden in gemeinsamer Runde mit Hilfe eines Tageslichtprojektors neue Doppelhalter, Zaunfahnen oder Spruchb\u00e4nder hergestellt. Zudem sind im Fanprojekt die Fanartikel erh\u00e4ltlich, die wir in Eigenregie anfertigen lassen.<\/p>\n<p><img decoding=\"async\" src=\"https:\/\/www.area97.de\/ofi\/wp-content\/themes\/arras-theme\/images\/dottedline02.gif\" alt=\"\"><br \/>\n<img decoding=\"async\" style=\"margin-top: 6px;\" src=\"https:\/\/www.area97.de\/ofi\/wp-content\/themes\/arras-theme\/images\/arrow_40_right.png\" alt=\"\"><\/p>\n<p style=\"margin-top: -58px; margin-left: 50px; text-align: left;\"><span style=\"color: black; font-family: 'Lucida Grande',Arial,Helvetica,sans-serif; font-size: 24px; letter-spacing: -1.8px;\"><strong>projekte<\/strong><\/span><span style=\"color: grey; font-size: 13;\"> Verwaltung R\u00e4umlichkeiten &#8218;FanProjekt&#8216;, Veranstaltungs-Organisation<\/span><\/p>\n<p style=\"margin-left: 50px; margin-top: -19px;\"><img decoding=\"async\" src=\"https:\/\/www.area97.de\/ofi\/wp-content\/themes\/arras-theme\/images\/listbullet01.gif\" alt=\"\"><strong> <a title=\"Email an Gruppe 'projekte'\" href=\"mailto:info@ofi-oldenburg.org?subject=[OFI_projekte]%20\" target=\"_blank\" rel=\"noopener\">projekte@ofi-oldenburg.org<\/a><\/strong><img decoding=\"async\" style=\"margin-left: -50px; margin-top: 5px;\" src=\"https:\/\/www.area97.de\/ofi\/wp-content\/themes\/arras-theme\/images\/dottedline02.gif\" alt=\"\"><\/p>\n<p style=\"margin-top: 40px; text-align: left;\"><span style=\"font-family: 'Lucida Grande',Arial,Helvetica,sans-serif; font-size: 16px; letter-spacing: -1.0px;\"><strong>Wie? Wo? Wann?<\/strong><\/span><\/p>\n<p style=\"text-align: left;\">Im Regelfall sind an mehreren Tagen in der Woche die Pforten des FanProjekts ge\u00f6ffnet. Neben den folgenden regelm\u00e4\u00dfigen Terminen gibt es noch weitere (mitunter inoffizielle) Treffen zum Basteln, Kl\u00f6nen, Dartspielen, Kickern oder Fu\u00dfballgucken. Mehr erfahrt ihr \u00fcber den obigen Kontakt oder die Ank\u00fcndigungen unter<a title=\"Zu 'Gruppen&amp;Termine'\" href=\"https:\/\/www.area97.de\/ofi\/?page_id=373\" target=\"_self\" rel=\"noopener\"> &#8218;Gruppen&amp;Termine&#8216;<\/a>.<\/p>\n<p style=\"text-align: left;\"><span style=\"color: #999999;\"><strong>Regelm\u00e4\u00dfige Termine<\/strong><\/span><\/p>\n<p style=\"text-align: left; padding-left: 20px;\"><span style=\"color: black; font-family: 'Lucida Grande',Arial,Helvetica,sans-serif; font-size: 20px; letter-spacing: -1.0px;\"><strong>mittwochs! <\/strong><\/span> <span style=\"color: #000080;\"><strong><img decoding=\"async\" src=\"https:\/\/www.area97.de\/ofi\/wp-content\/themes\/arras-theme\/images\/listbullet01.gif\" alt=\"\"> Fu\u00dfball &amp; Musikkneipe<\/strong><\/span><br \/>\nJeden Mittwoch, ab 19:00 Uhr<\/p>\n<p style=\"text-align: left; padding-left: 20px;\"><span style=\"color: black; font-family: 'Lucida Grande',Arial,Helvetica,sans-serif; font-size: 20px; letter-spacing: -1.0px;\"><strong>Fr\u00fchschoppen <\/strong><\/span> <span style=\"color: #000080;\"><img decoding=\"async\" src=\"https:\/\/www.area97.de\/ofi\/wp-content\/themes\/arras-theme\/images\/listbullet01.gif\" alt=\"\"><strong> Warm-Up an Spieltagen<\/strong><\/span><br \/>\nVor den Heimspielen, ab 3 Stunden vor Spielbeginn<\/p>\n<p style=\"text-align: left; padding-left: 20px; padding-bottom: 10px;\"><span style=\"color: black; font-family: 'Lucida Grande',Arial,Helvetica,sans-serif; font-size: 20px; letter-spacing: -1.0px;\"><strong>AfterMatchParty <\/strong><\/span> <span style=\"color: #000080;\"><img decoding=\"async\" src=\"https:\/\/www.area97.de\/ofi\/wp-content\/themes\/arras-theme\/images\/listbullet01.gif\" alt=\"\"><strong> Gemeinschaftliches &#8222;Verarbeiten&#8220; des Spiels<\/strong><\/span><br \/>\nNach Heimspielen, ab ca. 30 Minuten nach Spielende<\/p>\n<p style=\"text-align: left;\">Kommt vorbei! Die Adresse ist Damm 24.<\/p>\n","protected":false},"excerpt":{"rendered":"<p>Update: Dieser Artikel bezieht sich noch auf die alten R\u00e4ume in der Bahnhofstra\u00dfe. Wir sind umgezogen &amp; renovieren. Bei offizieller Er\u00f6ffnung gibt&#8217;s hier dann auch &hellip; <\/p>\n","protected":false},"author":1,"featured_media":0,"parent":0,"menu_order":2,"comment_status":"closed","ping_status":"open","template":"","meta":{"ngg_post_thumbnail":0,"cybocfi_hide_featured_image":"","footnotes":""},"class_list":["post-115","page","type-page","status-publish","hentry"],"_links":{"self":[{"href":"https:\/\/www.area97.de\/ofi\/index.php?rest_route=\/wp\/v2\/pages\/115","targetHints":{"allow":["GET"]}}],"collection":[{"href":"https:\/\/www.area97.de\/ofi\/index.php?rest_route=\/wp\/v2\/pages"}],"about":[{"href":"https:\/\/www.area97.de\/ofi\/index.php?rest_route=\/wp\/v2\/types\/page"}],"author":[{"embeddable":true,"href":"https:\/\/www.area97.de\/ofi\/index.php?rest_route=\/wp\/v2\/users\/1"}],"replies":[{"embeddable":true,"href":"https:\/\/www.area97.de\/ofi\/index.php?rest_route=%2Fwp%2Fv2%2Fcomments&post=115"}],"version-history":[{"count":130,"href":"https:\/\/www.area97.de\/ofi\/index.php?rest_route=\/wp\/v2\/pages\/115\/revisions"}],"predecessor-version":[{"id":4699,"href":"https:\/\/www.area97.de\/ofi\/index.php?rest_route=\/wp\/v2\/pages\/115\/revisions\/4699"}],"wp:attachment":[{"href":"https:\/\/www.area97.de\/ofi\/index.php?rest_route=%2Fwp%2Fv2%2Fmedia&parent=115"}],"curies":[{"name":"wp","href":"https:\/\/api.w.org\/{rel}","templated":true}]}}