{"id":133,"date":"2009-11-15T02:04:22","date_gmt":"2009-11-15T00:04:22","guid":{"rendered":"http:\/\/www.area97.de\/ofi\/?page_id=133"},"modified":"2012-08-05T00:19:24","modified_gmt":"2012-08-04T22:19:24","slug":"desktops","status":"publish","type":"page","link":"https:\/\/www.area97.de\/ofi\/?page_id=133","title":{"rendered":"desktops"},"content":{"rendered":"<div class=\"mceTemp\">\n<p><a href=\"https:\/\/www.area97.de\/ofi\/wp-content\/uploads\/2012\/08\/1213_Regionalliga.jpg\"><img loading=\"lazy\" decoding=\"async\" class=\"alignleft size-full wp-image-3140\" style=\"border: 1px solid black; margin: 5px 10px;\" title=\"tn_1213_Regionalliga\" src=\"https:\/\/www.area97.de\/ofi\/wp-content\/uploads\/2012\/08\/tn_1213_Regionalliga.jpg\" alt=\"tn_1213_Regionalliga\" width=\"297\" height=\"210\" \/><\/a><\/p>\n<p><span style=\"color: #000080;\"><strong>Karte, Spielplan &amp; Tabelle<\/strong><\/span><\/p>\n<p>9921 x 7016 Pixel<br \/>\n7,93 MB<\/p>\n<p style=\"text-align: right;\"><a href=\"https:\/\/www.area97.de\/ofi\/wp-content\/uploads\/2012\/08\/1213_Regionalliga_Q50.jpg\"><img loading=\"lazy\" decoding=\"async\" class=\"size-full wp-image-3142 alignright\" style=\"border: 1px solid black; margin: 5px 10px;\" title=\"tn_1213_Regionalliga_Q50\" src=\"https:\/\/www.area97.de\/ofi\/wp-content\/uploads\/2012\/08\/tn_1213_Regionalliga_Q50.jpg\" alt=\"tn_1213_Regionalliga_Q50\" width=\"148\" height=\"105\" \/><\/a><span style=\"color: #ffffff;\">.<br \/>\n.<br \/>\n.<br \/>\n.<\/span><br \/>\n4960 x 3508 Pixel<br \/>\n1,53 MB<\/p>\n<p><a href=\"https:\/\/www.area97.de\/ofi\/wp-content\/uploads\/2012\/08\/1213_Stecker.jpg\"><img loading=\"lazy\" decoding=\"async\" class=\"alignleft size-full wp-image-3143\" style=\"border: 1px solid black; margin: 5px 10px;\" title=\"tn_1213_Stecker\" src=\"https:\/\/www.area97.de\/ofi\/wp-content\/uploads\/2012\/08\/tn_1213_Stecker.jpg\" alt=\"tn_1213_Stecker\" width=\"210\" height=\"148\" \/><\/a><span style=\"color: #000080;\"><strong><span style=\"color: #ffffff;\">.<\/span><br \/>\nZutaten Stecktabelle<\/strong><\/span><\/p>\n<p>7016 x 4961 Pixel<br \/>\n3,23 MB<a href=\"https:\/\/www.area97.de\/ofi\/wp-content\/uploads\/2012\/08\/1213_Stecker_Q50.jpg\"><img loading=\"lazy\" decoding=\"async\" class=\"size-full wp-image-3144 alignright\" style=\"border: 1px solid black; margin: 5px 10px;\" title=\"tn_1213_Stecker_Q50\" src=\"https:\/\/www.area97.de\/ofi\/wp-content\/uploads\/2012\/08\/tn_1213_Stecker_Q50.jpg\" alt=\"tn_1213_Stecker_Q50\" width=\"105\" height=\"74\" \/><\/a><\/p>\n<p style=\"text-align: right;\">3508 x 2480 Pixel<br \/>\n743 KB<\/p>\n<p><em>(Angaben ohne Gew\u00e4hr!)<\/em><\/p>\n<p><img decoding=\"async\" src=\"https:\/\/www.area97.de\/ofi\/wp-content\/themes\/arras-theme\/images\/dottedline01.gif\" alt=\"\" \/><a title=\"Zum Seitenanfang\" href=\"#content\"> oben <\/a><a href=\"#content\"><img decoding=\"async\" title=\"Zum Seitenanfang\" src=\"https:\/\/www.area97.de\/ofi\/wp-content\/themes\/arras-theme\/images\/topbullet01.gif\" alt=\"\" \/><\/a><\/p>\n<figure id=\"attachment_412\" aria-describedby=\"caption-attachment-412\" style=\"width: 210px\" class=\"wp-caption alignleft\"><a href=\"https:\/\/www.area97.de\/ofi\/wp-content\/uploads\/2009\/11\/Smart_1024x768.jpg\" target=\"_blank\"><img loading=\"lazy\" decoding=\"async\" class=\"size-medium wp-image-412  \" style=\"border: 1px solid black;\" title=\"Smart_1024x768\" src=\"https:\/\/www.area97.de\/ofi\/wp-content\/uploads\/2009\/11\/Smart_1024x768-300x225.jpg\" alt=\"Smart (1024x768)\" width=\"210\" height=\"158\" srcset=\"https:\/\/www.area97.de\/ofi\/wp-content\/uploads\/2009\/11\/Smart_1024x768-300x225.jpg 300w, https:\/\/www.area97.de\/ofi\/wp-content\/uploads\/2009\/11\/Smart_1024x768.jpg 1024w\" sizes=\"auto, (max-width: 210px) 100vw, 210px\" \/><\/a><figcaption id=\"caption-attachment-412\" class=\"wp-caption-text\">Smart (1024x768)<\/figcaption><\/figure>\n<figure id=\"attachment_414\" aria-describedby=\"caption-attachment-414\" style=\"width: 300px\" class=\"wp-caption alignright\"><a href=\"https:\/\/www.area97.de\/ofi\/wp-content\/uploads\/2009\/11\/Smart_1680x945.jpg\" target=\"_blank\"><img loading=\"lazy\" decoding=\"async\" class=\"size-medium wp-image-414  \" style=\"border: 1px solid black;\" title=\"Smart_1680x945\" src=\"https:\/\/www.area97.de\/ofi\/wp-content\/uploads\/2009\/11\/Smart_1680x945-300x168.jpg\" alt=\"Smart (1680x945)\" width=\"300\" height=\"168\" srcset=\"https:\/\/www.area97.de\/ofi\/wp-content\/uploads\/2009\/11\/Smart_1680x945-300x168.jpg 300w, https:\/\/www.area97.de\/ofi\/wp-content\/uploads\/2009\/11\/Smart_1680x945-1024x576.jpg 1024w, https:\/\/www.area97.de\/ofi\/wp-content\/uploads\/2009\/11\/Smart_1680x945.jpg 1680w\" sizes=\"auto, (max-width: 300px) 100vw, 300px\" \/><\/a><figcaption id=\"caption-attachment-414\" class=\"wp-caption-text\">Smart (1680x945)<\/figcaption><\/figure>\n<p><img decoding=\"async\" src=\"https:\/\/www.area97.de\/ofi\/wp-content\/themes\/arras-theme\/images\/dottedline01.gif\" alt=\"\" \/><a title=\"Zum Seitenanfang\" href=\"#content\"> oben <\/a><a href=\"#content\"><img decoding=\"async\" title=\"Zum Seitenanfang\" src=\"https:\/\/www.area97.de\/ofi\/wp-content\/themes\/arras-theme\/images\/topbullet01.gif\" alt=\"\" \/><\/a><\/p>\n<figure id=\"attachment_421\" aria-describedby=\"caption-attachment-421\" style=\"width: 210px\" class=\"wp-caption alignleft\"><a href=\"https:\/\/www.area97.de\/ofi\/wp-content\/uploads\/2009\/11\/VfBemblem_Perspective01_1024x768.jpg\" target=\"_blank\"><img loading=\"lazy\" decoding=\"async\" class=\"size-medium wp-image-421\" style=\"border: 1px solid black;\" title=\"VfBemblem_Perspective01_1024x768\" src=\"https:\/\/www.area97.de\/ofi\/wp-content\/uploads\/2009\/11\/VfBemblem_Perspective01_1024x768-300x225.jpg\" alt=\"VfBemblem_Perspective01_1024x768\" width=\"210\" height=\"158\" srcset=\"https:\/\/www.area97.de\/ofi\/wp-content\/uploads\/2009\/11\/VfBemblem_Perspective01_1024x768-300x225.jpg 300w, https:\/\/www.area97.de\/ofi\/wp-content\/uploads\/2009\/11\/VfBemblem_Perspective01_1024x768.jpg 1024w\" sizes=\"auto, (max-width: 210px) 100vw, 210px\" \/><\/a><figcaption id=\"caption-attachment-421\" class=\"wp-caption-text\">VfBemblem_Perspective01 (1024x768)<\/figcaption><\/figure>\n<figure id=\"attachment_422\" aria-describedby=\"caption-attachment-422\" style=\"width: 300px\" class=\"wp-caption alignright\"><a href=\"https:\/\/www.area97.de\/ofi\/wp-content\/uploads\/2009\/11\/VfBemblem_Perspective01_1680x945.jpg\" target=\"_blank\"><img loading=\"lazy\" decoding=\"async\" class=\"size-medium wp-image-422 \" style=\"border: 1px solid black;\" title=\"VfBemblem_Perspective01_1680x945\" src=\"https:\/\/www.area97.de\/ofi\/wp-content\/uploads\/2009\/11\/VfBemblem_Perspective01_1680x945-300x168.jpg\" alt=\"VfBemblem_Perspective01 (1680x945)\" width=\"300\" height=\"168\" srcset=\"https:\/\/www.area97.de\/ofi\/wp-content\/uploads\/2009\/11\/VfBemblem_Perspective01_1680x945-300x168.jpg 300w, https:\/\/www.area97.de\/ofi\/wp-content\/uploads\/2009\/11\/VfBemblem_Perspective01_1680x945-1024x576.jpg 1024w, https:\/\/www.area97.de\/ofi\/wp-content\/uploads\/2009\/11\/VfBemblem_Perspective01_1680x945.jpg 1680w\" sizes=\"auto, (max-width: 300px) 100vw, 300px\" \/><\/a><figcaption id=\"caption-attachment-422\" class=\"wp-caption-text\">VfBemblem_Perspective01 (1680x945)<\/figcaption><\/figure>\n<p><img decoding=\"async\" src=\"https:\/\/www.area97.de\/ofi\/wp-content\/themes\/arras-theme\/images\/dottedline01.gif\" alt=\"\" \/><a title=\"Zum Seitenanfang\" href=\"#content\"> oben <\/a><a href=\"#content\"><img decoding=\"async\" title=\"Zum Seitenanfang\" src=\"https:\/\/www.area97.de\/ofi\/wp-content\/themes\/arras-theme\/images\/topbullet01.gif\" alt=\"\" \/><\/a><\/p>\n<figure id=\"attachment_406\" aria-describedby=\"caption-attachment-406\" style=\"width: 210px\" class=\"wp-caption alignleft\"><a href=\"https:\/\/www.area97.de\/ofi\/wp-content\/uploads\/2009\/11\/VfBpleasure1.jpg\" target=\"_blank\"><img loading=\"lazy\" decoding=\"async\" class=\"size-medium wp-image-406  \" style=\"border: 1px solid black;\" title=\"VfBpleasure\" src=\"https:\/\/www.area97.de\/ofi\/wp-content\/uploads\/2009\/11\/VfBpleasure1-300x225.jpg\" alt=\"VfBpleasure (1024x768)\" width=\"210\" height=\"158\" srcset=\"https:\/\/www.area97.de\/ofi\/wp-content\/uploads\/2009\/11\/VfBpleasure1-300x225.jpg 300w, https:\/\/www.area97.de\/ofi\/wp-content\/uploads\/2009\/11\/VfBpleasure1.jpg 1024w\" sizes=\"auto, (max-width: 210px) 100vw, 210px\" \/><\/a><figcaption id=\"caption-attachment-406\" class=\"wp-caption-text\">VfBpleasure (1024x768)<\/figcaption><\/figure>\n<\/div>\n<p><img decoding=\"async\" src=\"https:\/\/www.area97.de\/ofi\/wp-content\/themes\/arras-theme\/images\/dottedline01.gif\" alt=\"\" \/><a title=\"Zum Seitenanfang\" href=\"#content\"> oben <\/a><a href=\"#content\"><img decoding=\"async\" title=\"Zum Seitenanfang\" src=\"https:\/\/www.area97.de\/ofi\/wp-content\/themes\/arras-theme\/images\/topbullet01.gif\" alt=\"\" \/><\/a><\/p>\n<p>Alle Dateien f\u00fcr den urspr\u00fcnglichen, privaten Gebrauch frei nutzbar. F\u00fcr eine sonstige, speziell \u00f6ffentliche\/kommerzielle, Verwendung bitte mit der OFI in Verbindung setzen.<\/p>\n","protected":false},"excerpt":{"rendered":"<p>Karte, Spielplan &amp; Tabelle 9921 x 7016 Pixel 7,93 MB . . . . 4960 x 3508 Pixel 1,53 MB . Zutaten Stecktabelle 7016 x &hellip; <\/p>\n","protected":false},"author":1,"featured_media":0,"parent":106,"menu_order":2,"comment_status":"open","ping_status":"open","template":"","meta":{"ngg_post_thumbnail":0,"cybocfi_hide_featured_image":"","footnotes":""},"class_list":["post-133","page","type-page","status-publish","hentry"],"_links":{"self":[{"href":"https:\/\/www.area97.de\/ofi\/index.php?rest_route=\/wp\/v2\/pages\/133","targetHints":{"allow":["GET"]}}],"collection":[{"href":"https:\/\/www.area97.de\/ofi\/index.php?rest_route=\/wp\/v2\/pages"}],"about":[{"href":"https:\/\/www.area97.de\/ofi\/index.php?rest_route=\/wp\/v2\/types\/page"}],"author":[{"embeddable":true,"href":"https:\/\/www.area97.de\/ofi\/index.php?rest_route=\/wp\/v2\/users\/1"}],"replies":[{"embeddable":true,"href":"https:\/\/www.area97.de\/ofi\/index.php?rest_route=%2Fwp%2Fv2%2Fcomments&post=133"}],"version-history":[{"count":23,"href":"https:\/\/www.area97.de\/ofi\/index.php?rest_route=\/wp\/v2\/pages\/133\/revisions"}],"predecessor-version":[{"id":3160,"href":"https:\/\/www.area97.de\/ofi\/index.php?rest_route=\/wp\/v2\/pages\/133\/revisions\/3160"}],"up":[{"embeddable":true,"href":"https:\/\/www.area97.de\/ofi\/index.php?rest_route=\/wp\/v2\/pages\/106"}],"wp:attachment":[{"href":"https:\/\/www.area97.de\/ofi\/index.php?rest_route=%2Fwp%2Fv2%2Fmedia&parent=133"}],"curies":[{"name":"wp","href":"https:\/\/api.w.org\/{rel}","templated":true}]}}