{"id":134,"date":"2009-11-15T02:05:25","date_gmt":"2009-11-15T00:05:25","guid":{"rendered":"http:\/\/www.area97.de\/ofi\/?page_id=134"},"modified":"2023-12-12T12:17:52","modified_gmt":"2023-12-12T11:17:52","slug":"links","status":"publish","type":"page","link":"https:\/\/www.area97.de\/ofi\/?page_id=134","title":{"rendered":"links"},"content":{"rendered":"<h3>VfB Oldenburg<\/h3>\n<p><img loading=\"lazy\" decoding=\"async\" class=\"alignleft size-full wp-image-1150\" title=\"arrow_40_right\" src=\"https:\/\/www.area97.de\/ofi\/wp-content\/uploads\/2012\/01\/arrow_wb.png\" alt=\"arrow_40_right\" width=\"40\" height=\"40\" \/><a href=\"http:\/\/www.vfb-oldenburg.de\/\" target=\"_blank\" rel=\"noopener\"><strong>www.vfb-oldenburg.de<\/strong><\/a><br \/>\nDie offizielle Website des VfB Oldenburg<\/p>\n<p><img loading=\"lazy\" decoding=\"async\" class=\"alignleft size-full wp-image-1150\" title=\"arrow_40_right\" src=\"https:\/\/www.area97.de\/ofi\/wp-content\/uploads\/2012\/01\/arrow_wb.png\" alt=\"arrow_40_right\" width=\"40\" height=\"40\" \/><a href=\"https:\/\/shop.vfb-oldenburg.de\/\"><strong>www.shop.vfb-oldenburg.de\/<\/strong><\/a><br \/>\nDer VfB-OnlineShop<\/p>\n<p><img loading=\"lazy\" decoding=\"async\" class=\"alignleft size-full wp-image-1150\" title=\"arrow_40_right\" src=\"https:\/\/www.area97.de\/ofi\/wp-content\/uploads\/2012\/01\/arrow_wb.png\" alt=\"arrow_40_right\" width=\"40\" height=\"40\" \/><a href=\"https:\/\/www.oldenburg-forum.de\/\"><strong>www.oldenburg-forum.de<\/strong><\/a><br \/>\nDas (in)offizielle VfB-Fanforum<\/p>\n<p><img loading=\"lazy\" decoding=\"async\" class=\"alignleft size-full wp-image-1150\" title=\"arrow_40_right\" src=\"https:\/\/www.area97.de\/ofi\/wp-content\/uploads\/2012\/01\/arrow_wb.png\" alt=\"arrow_40_right\" width=\"40\" height=\"40\" \/><a href=\"http:\/\/twitter.com\/vfboldenburg\" target=\"_blank\" rel=\"noopener\"><strong>twitter.com\/vfboldenburg<\/strong><\/a><br \/>\nDer offizielle VfB Oldenburg Twitter-Account<\/p>\n<p><a href=\"https:\/\/www.instagram.com\/vfb_oldenburg\/\" target=\"_blank\" rel=\"noopener\"><strong><img loading=\"lazy\" decoding=\"async\" class=\"alignleft size-full wp-image-1150\" title=\"arrow_40_right\" src=\"https:\/\/www.area97.de\/ofi\/wp-content\/uploads\/2012\/01\/arrow_wb.png\" alt=\"arrow_40_right\" width=\"40\" height=\"40\" \/>instagram.com\/vfb_oldenburg<\/strong><\/a><br \/>\nDer offizielle VfB Oldenburg Instagram Kanal<\/p>\n<p><img loading=\"lazy\" decoding=\"async\" class=\"alignleft size-full wp-image-1150\" title=\"arrow_40_right\" src=\"https:\/\/www.area97.de\/ofi\/wp-content\/uploads\/2009\/11\/arrow_40_right1.png\" alt=\"arrow_40_right\" width=\"40\" height=\"40\" \/><a href=\"http:\/\/www.vfbfueralle.de\/\" target=\"_blank\" rel=\"noopener\"><strong>www.vfbfueralle.de<\/strong><\/a><br \/>\n&#8218;VfB f\u00fcr Alle&#8216; &#8211; Wichtige Antidiskriminierungsinitiative von VfB-Fans<\/p>\n<p><img loading=\"lazy\" decoding=\"async\" class=\"alignleft size-full wp-image-1150\" title=\"arrow_40_right\" src=\"https:\/\/www.area97.de\/ofi\/wp-content\/uploads\/2009\/11\/arrow_40_right1.png\" alt=\"arrow_40_right\" width=\"40\" height=\"40\" \/><a href=\"https:\/\/www.nordweststadion.de\/\" target=\"_blank\" rel=\"noopener\"><strong>www.nordweststadion.de<\/strong><\/a><br \/>\nWebsite fanseitiger Aktivit\u00e4ten f\u00fcr ein neues Fu\u00dfballstadion<\/p>\n<p><img loading=\"lazy\" decoding=\"async\" class=\"alignleft size-full wp-image-1150\" title=\"arrow_40_right\" src=\"https:\/\/www.area97.de\/ofi\/wp-content\/uploads\/2009\/11\/arrow_40_right1.png\" alt=\"arrow_40_right\" width=\"40\" height=\"40\" \/><a href=\"https:\/\/www.succade.org\/\" target=\"_blank\" rel=\"noopener\"><strong>www.succade.org<\/strong><\/a><br \/>\nWebsite von Succade Oldenburg<\/p>\n<p><img loading=\"lazy\" decoding=\"async\" class=\"size-full wp-image-1150 alignleft\" title=\"arrow_40_right\" src=\"https:\/\/www.area97.de\/ofi\/wp-content\/uploads\/2009\/11\/arrow_40_right1.png\" alt=\"arrow_40_right\" width=\"40\" height=\"40\" \/><\/p>\n<p><a href=\"https:\/\/www.instagram.com\/fanszeneoldenburg\/\" target=\"_blank\" rel=\"noopener\"><strong>www.<\/strong><strong>instagram<\/strong><strong>.com\/fanszeneoldenburg<\/strong><\/a><br \/>\nInstagramm Account Fanszene Oldenburg<\/p>\n<p><img loading=\"lazy\" decoding=\"async\" class=\"alignleft size-full wp-image-1150\" title=\"arrow_40_right\" src=\"https:\/\/www.area97.de\/ofi\/wp-content\/uploads\/2009\/11\/arrow_40_right1.png\" alt=\"arrow_40_right\" width=\"40\" height=\"40\" \/><a href=\"http:\/\/vfblog.over-blog.de\/\" target=\"_blank\" rel=\"noopener\"><strong>vfblog.over-blog.de<\/strong><\/a><br \/>\nBlog von Robert<\/p>\n<p><img loading=\"lazy\" decoding=\"async\" class=\"alignleft size-full wp-image-1150\" title=\"arrow_40_right\" src=\"https:\/\/www.area97.de\/ofi\/wp-content\/uploads\/2009\/11\/arrow_40_right1.png\" alt=\"arrow_40_right\" width=\"40\" height=\"40\" \/><a href=\"http:\/\/szenenwechsel.wordpress.com\/\" target=\"_blank\" rel=\"noopener\"><strong>szenenwechsel.wordpress.com<\/strong><\/a><br \/>\nBlog von Revo<\/p>\n<p><img decoding=\"async\" src=\"https:\/\/www.area97.de\/ofi\/wp-content\/themes\/arras-theme\/images\/dottedline01.gif\" alt=\"\" \/><a title=\"Zum Seitenanfang\" href=\"#content\"> oben <\/a><a href=\"#content\"><img decoding=\"async\" title=\"Zum Seitenanfang\" src=\"https:\/\/www.area97.de\/ofi\/wp-content\/themes\/arras-theme\/images\/topbullet01.gif\" alt=\"\" \/><\/a><\/p>\n<h3>Freunde<\/h3>\n<p><img loading=\"lazy\" decoding=\"async\" class=\"alignleft size-full wp-image-1150\" title=\"arrow_40_right\" src=\"https:\/\/www.area97.de\/ofi\/wp-content\/uploads\/2012\/01\/arrow_yb.png\" alt=\"arrow_40_right\" width=\"40\" height=\"40\" \/><a href=\"https:\/\/sc-goettingen05.de\/\" target=\"_blank\" rel=\"noopener\"><strong>www.sc-goettingen05.de<\/strong><\/a><br \/>\nOffizielle Vereinseite des SC G\u00f6ttingen 05<\/p>\n<p><img loading=\"lazy\" decoding=\"async\" class=\"alignleft size-full wp-image-1150\" title=\"arrow_40_right\" src=\"https:\/\/www.area97.de\/ofi\/wp-content\/uploads\/2012\/01\/arrow_yb.png\" alt=\"arrow_40_right\" width=\"40\" height=\"40\" \/><a href=\"http:\/\/www.scg05.de\/\" target=\"_blank\" rel=\"noopener\"><strong>www.scg05.de<\/strong><\/a><br \/>\nSeite der Supporters Crew<\/p>\n<p><img loading=\"lazy\" decoding=\"async\" class=\"alignleft size-full wp-image-1150\" title=\"arrow_40_right\" src=\"https:\/\/www.area97.de\/ofi\/wp-content\/uploads\/2012\/01\/arrow_yb.png\" alt=\"arrow_40_right\" width=\"40\" height=\"40\" \/><a href=\"http:\/\/onkelguenther.blog.de\/\" target=\"_blank\" rel=\"noopener\"><strong>onkelguenther.blog.de<\/strong><\/a><br \/>\nAktuell (fast) die beste Seite unserer Liga<\/p>\n<p><img loading=\"lazy\" decoding=\"async\" class=\"alignleft size-full wp-image-1150\" title=\"arrow_40_right\" src=\"https:\/\/www.area97.de\/ofi\/wp-content\/uploads\/2012\/01\/arrow_yb.png\" alt=\"arrow_40_right\" width=\"40\" height=\"40\" \/><a href=\"http:\/\/alteherrenultras.wordpress.com\/\" target=\"_blank\" rel=\"noopener\"><strong>alteherrenultras.wordpress.com<\/strong><\/a><br \/>\nSenile Solidit\u00e4t<\/p>\n<p><img loading=\"lazy\" decoding=\"async\" class=\"alignleft size-full wp-image-1150\" title=\"arrow_40_right\" src=\"https:\/\/www.area97.de\/ofi\/wp-content\/uploads\/2012\/01\/arrow_yb.png\" alt=\"arrow_40_right\" width=\"40\" height=\"40\" \/><a href=\"http:\/\/www.lafamilia05.de\/\" target=\"_blank\" rel=\"noopener\"><strong>www.lafamilia05.de<\/strong><\/a><br \/>\nBetrachtungen im Newsletterformat<\/p>\n<p><img loading=\"lazy\" decoding=\"async\" class=\"alignleft size-full wp-image-1150\" title=\"arrow_40_right\" src=\"https:\/\/www.area97.de\/ofi\/wp-content\/uploads\/2012\/01\/arrow_yb.png\" alt=\"arrow_40_right\" width=\"40\" height=\"40\" \/><a href=\"http:\/\/www.youtube.com\/user\/DerGr33ny\" target=\"_blank\" rel=\"noopener\"><strong>www.youtube.com\/user\/DerGr33ny<\/strong><\/a><br \/>\nBenzstreet-TV von Gr33ny<\/p>\n<p><img loading=\"lazy\" decoding=\"async\" class=\"alignleft size-full wp-image-1150\" title=\"arrow_40_right\" src=\"https:\/\/www.area97.de\/ofi\/wp-content\/uploads\/2012\/01\/arrow_yb.png\" alt=\"arrow_40_right\" width=\"40\" height=\"40\" \/><a href=\"http:\/\/commerce.madbutcher.de\/index.php?cat=c361_GOeTTINGEN-05-MERCH.html\" target=\"_blank\" rel=\"noopener\"><strong>commerce.madbutcher.de<\/strong><\/a><br \/>\nDer G\u00f6ttingen 05 OnlineShop<\/p>\n<p><img loading=\"lazy\" decoding=\"async\" class=\"alignleft size-full wp-image-1150\" title=\"arrow_40_right\" src=\"https:\/\/www.area97.de\/ofi\/wp-content\/uploads\/2012\/01\/arrow_wg.png\" alt=\"arrow_40_right\" width=\"40\" height=\"40\" \/><a href=\"http:\/\/www.svarminia.de\/\" target=\"_blank\" rel=\"noopener\"><strong>www.svarminia.de<\/strong><\/a><br \/>\nDie offizielle Seite der Blauen aus Hannover<\/p>\n<p><img loading=\"lazy\" decoding=\"async\" class=\"alignleft size-full wp-image-1150\" title=\"arrow_40_right\" src=\"https:\/\/www.area97.de\/ofi\/wp-content\/uploads\/2012\/01\/arrow_wg.png\" alt=\"arrow_40_right\" width=\"40\" height=\"40\" \/><a href=\"http:\/\/www.bischofshol.de\/\" target=\"_blank\" rel=\"noopener\"><strong>www.bischofshol.de<\/strong><\/a><br \/>\nDie Strafraummiliz<\/p>\n<p><img decoding=\"async\" src=\"https:\/\/www.area97.de\/ofi\/wp-content\/themes\/arras-theme\/images\/dottedline01.gif\" alt=\"\" \/><a title=\"Zum Seitenanfang\" href=\"#content\"> oben <\/a><a href=\"#content\"><img decoding=\"async\" title=\"Zum Seitenanfang\" src=\"https:\/\/www.area97.de\/ofi\/wp-content\/themes\/arras-theme\/images\/topbullet01.gif\" alt=\"\" \/><\/a><\/p>\n<h3>Vereins\u00fcbergreifend<\/h3>\n<p><img loading=\"lazy\" decoding=\"async\" class=\"alignleft size-full wp-image-1150\" title=\"arrow_40_right\" src=\"https:\/\/www.area97.de\/ofi\/wp-content\/uploads\/2009\/11\/arrow_40_right1.png\" alt=\"arrow_40_right\" width=\"40\" height=\"40\" \/><a href=\"http:\/\/www.diefussballecke.de\/\" target=\"_blank\" rel=\"noopener\"><strong>www.diefussballecke.de<\/strong><\/a><br \/>\nUnheimlich aktuelle &amp; umfangreiche Seite \u00fcber den norddeutschen Regionalfu\u00dfball<\/p>\n<p><img loading=\"lazy\" decoding=\"async\" class=\"alignleft size-full wp-image-1150\" title=\"arrow_40_right\" src=\"https:\/\/www.area97.de\/ofi\/wp-content\/uploads\/2009\/11\/arrow_40_right1.png\" alt=\"arrow_40_right\" width=\"40\" height=\"40\" \/><a href=\"http:\/\/www.stadionwelt.de\/\" target=\"_blank\" rel=\"noopener\"><strong>www.stadionwelt.de<\/strong><\/a><br \/>\nDie Kompetenz in Wort &amp; Bild \u00fcber Stadien &amp; Umfeld<\/p>\n<p><img loading=\"lazy\" decoding=\"async\" class=\"alignleft size-full wp-image-1150\" title=\"arrow_40_right\" src=\"https:\/\/www.area97.de\/ofi\/wp-content\/uploads\/2009\/11\/arrow_40_right1.png\" alt=\"arrow_40_right\" width=\"40\" height=\"40\" \/><a href=\"http:\/\/www.aktive-fans.de\/\" target=\"_blank\" rel=\"noopener\"><strong>www.aktive-fans.de<\/strong><\/a><br \/>\nBAFF (B\u00fcndnis Aktiver Fu\u00dfballFans)<\/p>\n<p><img loading=\"lazy\" decoding=\"async\" class=\"alignleft size-full wp-image-1150\" title=\"arrow_40_right\" src=\"https:\/\/www.area97.de\/ofi\/wp-content\/uploads\/2009\/11\/arrow_40_right1.png\" alt=\"arrow_40_right\" width=\"40\" height=\"40\" \/><a href=\"http:\/\/www.flutlicht.org\/\" target=\"_blank\" rel=\"noopener\"><strong>www.flutlicht.org<\/strong><\/a><br \/>\nDie Organisatoren der &#8218;Tatort Stadion\/Ballarbeit&#8216;-Ausstellung<\/p>\n<p><img loading=\"lazy\" decoding=\"async\" class=\"alignleft size-full wp-image-1150\" title=\"arrow_40_right\" src=\"https:\/\/www.area97.de\/ofi\/wp-content\/uploads\/2009\/11\/arrow_40_right1.png\" alt=\"arrow_40_right\" width=\"40\" height=\"40\" \/><a href=\"http:\/\/www.farenet.org\/\" target=\"_blank\" rel=\"noopener\"><strong>www.farenet.org<\/strong><\/a><br \/>\nFootball Against Racism in Europe &#8211; International<\/p>\n<p><img loading=\"lazy\" decoding=\"async\" class=\"alignleft size-full wp-image-1150\" title=\"arrow_40_right\" src=\"https:\/\/www.area97.de\/ofi\/wp-content\/uploads\/2009\/11\/arrow_40_right1.png\" alt=\"arrow_40_right\" width=\"40\" height=\"40\" \/><a href=\"http:\/\/www.profans.de\/\" target=\"_blank\" rel=\"noopener\"><strong>www.profans.de<\/strong><\/a><br \/>\nVereins\u00fcbergreifende Faninitiative &#8211; Ohne uns kein Kick<\/p>\n<p><img loading=\"lazy\" decoding=\"async\" class=\"alignleft size-full wp-image-1150\" title=\"arrow_40_right\" src=\"https:\/\/www.area97.de\/ofi\/wp-content\/uploads\/2009\/11\/arrow_40_right1.png\" alt=\"arrow_40_right\" width=\"40\" height=\"40\" \/><a href=\"http:\/\/fansmedia.org\/\" target=\"_blank\" rel=\"noopener\"><strong>fansmedia.org<\/strong><\/a><br \/>\nVereins\u00fcbergreifende Faninitiative<\/p>\n<p><img loading=\"lazy\" decoding=\"async\" class=\"alignleft size-full wp-image-1150\" title=\"arrow_40_right\" src=\"https:\/\/www.area97.de\/ofi\/wp-content\/uploads\/2009\/11\/arrow_40_right1.png\" alt=\"arrow_40_right\" width=\"40\" height=\"40\" \/><a href=\"http:\/\/www.fanrechtefonds.de\/\" target=\"_blank\" rel=\"noopener\"><strong>www.fanrechtefonds.de<\/strong><\/a><br \/>\nDer juristische Background in Fanangelegenheiten<\/p>\n<p><img loading=\"lazy\" decoding=\"async\" class=\"alignleft size-full wp-image-1150\" title=\"arrow_40_right\" src=\"https:\/\/www.area97.de\/ofi\/wp-content\/uploads\/2009\/11\/arrow_40_right1.png\" alt=\"arrow_40_right\" width=\"40\" height=\"40\" \/><a href=\"http:\/\/www.fussballfans-beobachten-polizei.de\/\" target=\"_blank\" rel=\"noopener\"><strong>www.fussballfans-beobachten-polizei.de<\/strong><\/a><br \/>\nFans &amp; Anw\u00e4lte \u00fcberpr\u00fcfen Einhaltung von B\u00fcrgerrechten<\/p>\n<p><img loading=\"lazy\" decoding=\"async\" class=\"alignleft size-full wp-image-1150\" title=\"arrow_40_right\" src=\"https:\/\/www.area97.de\/ofi\/wp-content\/uploads\/2009\/11\/arrow_40_right1.png\" alt=\"arrow_40_right\" width=\"40\" height=\"40\" \/><a href=\"http:\/\/www.erhalt-der-fankultur.de\/\" target=\"_blank\" rel=\"noopener\"><strong>www.erhalt-der-fankultur.de<\/strong><\/a><br \/>\nSeite zum Erhalt der Fankultur.<\/p>\n<p><img decoding=\"async\" src=\"https:\/\/www.area97.de\/ofi\/wp-content\/themes\/arras-theme\/images\/dottedline01.gif\" alt=\"\" \/><a title=\"Zum Seitenanfang\" href=\"#content\"> oben <\/a><a href=\"#content\"><img decoding=\"async\" title=\"Zum Seitenanfang\" src=\"https:\/\/www.area97.de\/ofi\/wp-content\/themes\/arras-theme\/images\/topbullet01.gif\" alt=\"\" \/><\/a><\/p>\n","protected":false},"excerpt":{"rendered":"<p>VfB Oldenburg www.vfb-oldenburg.de Die offizielle Website des VfB Oldenburg www.shop.vfb-oldenburg.de\/ Der VfB-OnlineShop www.oldenburg-forum.de Das (in)offizielle VfB-Fanforum twitter.com\/vfboldenburg Der offizielle VfB Oldenburg Twitter-Account instagram.com\/vfb_oldenburg Der offizielle &hellip; <\/p>\n","protected":false},"author":1,"featured_media":0,"parent":106,"menu_order":10,"comment_status":"open","ping_status":"open","template":"","meta":{"ngg_post_thumbnail":0,"cybocfi_hide_featured_image":"","footnotes":""},"class_list":["post-134","page","type-page","status-publish","hentry"],"_links":{"self":[{"href":"https:\/\/www.area97.de\/ofi\/index.php?rest_route=\/wp\/v2\/pages\/134","targetHints":{"allow":["GET"]}}],"collection":[{"href":"https:\/\/www.area97.de\/ofi\/index.php?rest_route=\/wp\/v2\/pages"}],"about":[{"href":"https:\/\/www.area97.de\/ofi\/index.php?rest_route=\/wp\/v2\/types\/page"}],"author":[{"embeddable":true,"href":"https:\/\/www.area97.de\/ofi\/index.php?rest_route=\/wp\/v2\/users\/1"}],"replies":[{"embeddable":true,"href":"https:\/\/www.area97.de\/ofi\/index.php?rest_route=%2Fwp%2Fv2%2Fcomments&post=134"}],"version-history":[{"count":56,"href":"https:\/\/www.area97.de\/ofi\/index.php?rest_route=\/wp\/v2\/pages\/134\/revisions"}],"predecessor-version":[{"id":4536,"href":"https:\/\/www.area97.de\/ofi\/index.php?rest_route=\/wp\/v2\/pages\/134\/revisions\/4536"}],"up":[{"embeddable":true,"href":"https:\/\/www.area97.de\/ofi\/index.php?rest_route=\/wp\/v2\/pages\/106"}],"wp:attachment":[{"href":"https:\/\/www.area97.de\/ofi\/index.php?rest_route=%2Fwp%2Fv2%2Fmedia&parent=134"}],"curies":[{"name":"wp","href":"https:\/\/api.w.org\/{rel}","templated":true}]}}