{"id":2,"date":"2008-09-19T23:11:32","date_gmt":"2008-09-19T21:11:32","guid":{"rendered":"http:\/\/www.area97.de\/ofi\/?page_id=2"},"modified":"2011-08-30T00:54:10","modified_gmt":"2011-08-29T22:54:10","slug":"ueber","status":"publish","type":"page","link":"https:\/\/www.area97.de\/ofi\/?page_id=2","title":{"rendered":"\u00fcber uns"},"content":{"rendered":"<p><img decoding=\"async\" style=\"margin-left:-20px\" src=\"https:\/\/www.area97.de\/ofi\/wp-content\/uploads\/2008\/09\/FanblockJubel.jpg\" alt=\"\" \/><\/p>\n<p style=\" margin-top: 40px; text-align: left;\"><span style=\"font-family:'Lucida Grande',Arial,Helvetica,sans-serif;font-size:16px; letter-spacing:-1.0px\"><strong>Was ist die OFI und was macht sie eigentlich?<\/strong><\/span><\/p>\n<p><a href=\"https:\/\/www.area97.de\/ofi\/wp-content\/uploads\/2008\/09\/OFIemblem_150x170.gif\"><img loading=\"lazy\" decoding=\"async\" class=\"alignright size-full wp-image-550\" title=\"OFIemblem_150x170\" src=\"https:\/\/www.area97.de\/ofi\/wp-content\/uploads\/2008\/09\/OFIemblem_150x170.gif\" alt=\"OFIemblem_150x170\" width=\"150\" height=\"170\" \/><\/a>Die Oldenburger FanInitiative (kurz: OFI) hat sich in den ersten Wirren ums Weiterbestehen unseres Vereins VfB Oldenburg im Sommer 1998 auf Initiative einiger &#8222;loser&#8220; Fans und Fanclub-Mitglieder gegr\u00fcndet. Einerseits bestand auf diese Weise die Hoffnung, mit geb\u00fcndeltem und koordiniertem Engagement, effektiver f\u00fcr den Erhalt unseres Vereins zu k\u00e4mpfen und andererseits sollten die, bis dahin finanzell gef\u00f6rderten R\u00e4umlichkeiten des FanProjektes als wichtiger Faktor der VfB-Fanszene nicht verloren gehen. Mit der Arbeiterwohlfahrt als Vermieter betreibt die Oldenburger FanInitiative seitdem diese R\u00e4umlichkeiten ohne jegliche Fremdf\u00f6rderung aus ihren eigenen Mitteln.<\/p>\n<p>Die OFI versteht sich als Fanvereinigung, die nicht nur die Interessen, der in ihr organisierten VfB-Fans vertritt. Aus diesem Grund werden Kontakte zum Verein und seinem Umfeld gepflegt, um dort die entsprechenden Ansprechpartner und die k\u00fcrzesten Wege in Fanangelegenheiten zu haben.<\/p>\n<p>In der OFI sind derzeit circa 120 Mitglieder organisiert. Durch die Mitgliedsbeitr\u00e4ge in H\u00f6he von mindestens 2,50 Euro pro Monat (Sch\u00fcler ab 1,50 Euro) werden z.B. die Miete f\u00fcr die R\u00e4ume des FanProjekts, FanAktionen (Transparente, etc.), sowie diverse Vor- und Zusch\u00fcsse f\u00fcr Busfahrten, Getr\u00e4nkeeinkauf und \u00c4hnliches finanziert. Wer konkretere Anliegen hat, sollte entweder im Stadion beim OFI-Mobil vorbeischauen oder zu den \u00d6ffnungszeiten im FanProjekt erscheinen.<\/p>\n<p style=\" margin-top: 40px; text-align: left;\"><span style=\"color:#1122A3;font-family:'Lucida Grande',Arial,Helvetica,sans-serif;font-size:36px; letter-spacing:-2.5px\"><strong>faq<\/strong><\/span><\/p>\n<p>Auch wenn wir nat\u00fcrlich hoffen, da\u00df diese und andere Seiten unserer Website euch die OFI n\u00e4herbringen, ist es doch oft so, da\u00df vielleicht die ein oder andere Frage offen bleibt. Im Internet haben sich deshalb die &#8222;faq&#8220; etabliert. Das steht f\u00fcr &#8222;frequently asked questions&#8220;, zu deutsch: &#8222;H\u00e4ufig gestellte Fragen&#8220;. Im Folgenden wollen wir uns diesen Fragen stellen. Nat\u00fcrlich wird auch dieser Bereich beizeiten erg\u00e4nzt.<\/p>\n<p><strong>Ist die OFI ein Fanclub oder ein Dachverband?<\/strong><br \/>\nWeder noch! Auf keinen Fall sind wir ein Fanclub. Schon gar nicht im klassischen Sinne. In der OFI sind Mitglieder verschiedenster VfB-Fanclubs sowie einzelne Fans organisiert. Ein richtiger Dachverband sind wir auch nicht, da wir eigentlich nie wirklich den Anspruch formuliert hatten, zwangsl\u00e4ufig f\u00fcr alle sprechen zu m\u00fcssen. Wenn wir dem dennoch nahe kommen w\u00fcrden, w\u00fcrden wir uns aber nicht wehren. ;o)<\/p>\n<p>[&#8230;]<\/p>\n","protected":false},"excerpt":{"rendered":"<p>Was ist die OFI und was macht sie eigentlich? Die Oldenburger FanInitiative (kurz: OFI) hat sich in den ersten Wirren ums Weiterbestehen unseres Vereins VfB &hellip; <\/p>\n","protected":false},"author":1,"featured_media":0,"parent":0,"menu_order":1,"comment_status":"open","ping_status":"open","template":"","meta":{"ngg_post_thumbnail":0,"cybocfi_hide_featured_image":"","footnotes":""},"class_list":["post-2","page","type-page","status-publish","hentry"],"_links":{"self":[{"href":"https:\/\/www.area97.de\/ofi\/index.php?rest_route=\/wp\/v2\/pages\/2","targetHints":{"allow":["GET"]}}],"collection":[{"href":"https:\/\/www.area97.de\/ofi\/index.php?rest_route=\/wp\/v2\/pages"}],"about":[{"href":"https:\/\/www.area97.de\/ofi\/index.php?rest_route=\/wp\/v2\/types\/page"}],"author":[{"embeddable":true,"href":"https:\/\/www.area97.de\/ofi\/index.php?rest_route=\/wp\/v2\/users\/1"}],"replies":[{"embeddable":true,"href":"https:\/\/www.area97.de\/ofi\/index.php?rest_route=%2Fwp%2Fv2%2Fcomments&post=2"}],"version-history":[{"count":34,"href":"https:\/\/www.area97.de\/ofi\/index.php?rest_route=\/wp\/v2\/pages\/2\/revisions"}],"predecessor-version":[{"id":2570,"href":"https:\/\/www.area97.de\/ofi\/index.php?rest_route=\/wp\/v2\/pages\/2\/revisions\/2570"}],"wp:attachment":[{"href":"https:\/\/www.area97.de\/ofi\/index.php?rest_route=%2Fwp%2Fv2%2Fmedia&parent=2"}],"curies":[{"name":"wp","href":"https:\/\/api.w.org\/{rel}","templated":true}]}}