{"id":9,"date":"2008-09-20T05:35:42","date_gmt":"2008-09-20T03:35:42","guid":{"rendered":"http:\/\/www.area97.de\/ofi\/?page_id=9"},"modified":"2023-12-12T11:12:26","modified_gmt":"2023-12-12T10:12:26","slug":"fanprojekt","status":"publish","type":"page","link":"https:\/\/www.area97.de\/ofi\/?page_id=9","title":{"rendered":"geschichte"},"content":{"rendered":"<div class=\"mceTemp\">\n<h3>Zu den Anf\u00e4ngen des Fan-Projektes in Oldenburg<\/h3>\n<\/div>\n<p><img loading=\"lazy\" decoding=\"async\" class=\"size-full wp-image-376\" title=\"Wally\" src=\"https:\/\/www.area97.de\/ofi\/wp-content\/uploads\/2008\/09\/Wally.jpg\" alt=\"Wally (Anfang 90er)\" width=\"100\" height=\"130\" \/><\/p>\n<p><em>von Walter Dinninghoff<\/em><\/p>\n<p><em>\u00a0<\/em><\/p>\n<p>Fr\u00fcher oder sp\u00e4ter h\u00e4tte vielleicht auch jemand anders die Idee f\u00fcr ein Fan-Projekt in Oldytown gehabt, aber in diesem Falle ist die Entstehung dieser Einrichtung gekoppelt an meine Person. Gestatten: Walter Dinninghoff, Sozialarbeiter.<\/p>\n<p>Wie Millionen anderer Fu\u00dfballFernweher sa\u00df auch ich erwartungsvoll mit &#8217;ner entkorkten Flasche Jever 1985 vor der Glotze, um Platini zu bewundern, wie die Pille an seinem Fu\u00dfe klebt, wie er sie k\u00fc\u00dft&#8230; Was dann im Br\u00fcsseler Heysel-Stadion geschah, war mittelalterlich anmutender B\u00fcrgerkrieg pur mit dem traurigen Ergebnis von 39 Toten und \u00fcber 400 verletzten Menschen, teilweise lebensgef\u00e4hrlich und\/oder f\u00fcr den Rest ihres Lebens behindert.<br \/>\nIrgendwie war das auch der Geburtsabend f\u00fcr das Fan-Projekt in Oldenburg, auch wenn es dann bis zur Niederkunft noch schlappe 6 Jahre braucht&#8230;<\/p>\n<p>Im Sommer 1990 wurde ich \u00fcber ABM im Jugendwerk der Arbeiterwohlfahrt eingestellt mit der Aufgabe, f\u00fcr diesen Jugendverband neue Projekte und Jugendgruppen zu ergr\u00fcnden und ggfls. Umzusetzen. Kurz vorher hatte ich an der Uni ein neben-berufliches Studium beendet und \u00fcber Gewaltbereitschaft und rechtsextreme Orientierungen von Fu\u00dfballfans eine Diplomarbeit geschrieben.<\/p>\n<figure id=\"attachment_379\" aria-describedby=\"caption-attachment-379\" style=\"width: 250px\" class=\"wp-caption alignnone\"><img loading=\"lazy\" decoding=\"async\" class=\"size-full wp-image-379\" title=\"Donnerschwee_VfB-WSV_90\" src=\"https:\/\/www.area97.de\/ofi\/wp-content\/uploads\/2008\/09\/Donnerschwee_VfB-WSV_90.jpg\" alt=\"Aufstiegsrunde (1990): VfB - Wuppertaler SV\" width=\"250\" height=\"162\" \/><figcaption id=\"caption-attachment-379\" class=\"wp-caption-text\">Aufstiegsrunde (1990): VfB &#8211; Wuppertaler SV<\/figcaption><\/figure>\n<p>In diesem Zusammenhang lernte ich dann auch Leute aus dem Fan-Projekt Bremen und Hamburg kennen, die ich wiederholt auf ihrer Pirsch durch Fan-Land begleitet hatte.<\/p>\n<p>Der VfB stieg auf in die 2te Liga, auf Donnerschwee war die H\u00f6lle los <em>(Jaaaaah!!!Anm.d.T.) <\/em>und Rudi Assauer wurde Manager beim VfB und das Telefon des VfB war dauernd besetzt. Ich skizzierte die Idee eines Fan-Projektes in Form eines Thesen-Papiers und schickte das Ding r\u00fcber.<\/p>\n<p><strong>Grundaussagen waren schon damals, da\u00df das Fan-Projekt&#8230;<\/strong><\/p>\n<p>\u00b7 helfen sollte, Gewalt unter Fans im Vorfeld durch p\u00e4dagogische Ma\u00dfnahmen zu verhindern,<br \/>\n\u00b7 Fans in ihren spezifischen Interessen unterst\u00fctzen sollte u.a. durch Organisationshilfen f\u00fcr Fan-Clubs,<br \/>\n\u00b7 Begegnungen schaffen wollte zu Verein und Spielern, Freizeitangebote, Ausw\u00e4rtsbegleitung etc.,<br \/>\n\u00b7 im privaten Einzelfall Hilfestellung durch Beratung und Vermittlung f\u00fcr Fans leisten sollte,<br \/>\n\u00b7 \u00fcberhaupt eine Lobbyeinrichtung f\u00fcr Fans sein sollte, und zwar unabh\u00e4ngig vom Verein.<\/p>\n<p>Tats\u00e4chlich meldete sich Rudi Assauer: Grunds\u00e4tzlich sei er interessiert im Hinblick auf reibungslosen Ablauf und Werbewirksamkeit f\u00fcr den Verein, aber auch, weil er der Ferne des Profikickertums zu seinen treuesten Kunden, n\u00e4mlich den Fans, etwas entgegensetzen wollte. Als damaliger Bremer Fischkopp hatte er privat beste Kontakte zum Vorsitzenden des Bremer Fan-Projekt-Vereins, und so bat er mich, mit ihm nach Bremen zu fahren, um dort die M\u00f6glichkeiten eines Fan-Projektes in Oldenburg inhaltlich und finanziell mal auszubaldowern.<\/p>\n<p>Ich schreibe das, weil heute kaum jemand um die aktive Hilfe der Bremer Fan-Projektler bei der Entstehung unseres Ladens wei\u00df. Au\u00dferdem kam es bei dieser Besprechung zu ersten Kontakten mit Thomas Hafke, den wir ab Juli 1991 \u00fcber ABM zun\u00e4chst als hauptamtlichen Mitarbeiter im Fan-Projekt gewinnen konnten.<\/p>\n<figure id=\"attachment_380\" aria-describedby=\"caption-attachment-380\" style=\"width: 250px\" class=\"wp-caption alignnone\"><img loading=\"lazy\" decoding=\"async\" class=\"size-full wp-image-380 \" title=\"FP90er\" src=\"https:\/\/www.area97.de\/ofi\/wp-content\/uploads\/2008\/09\/FP90er.jpg\" alt=\"Hauptraum (Mitte 90er)\" width=\"250\" height=\"175\" \/><figcaption id=\"caption-attachment-380\" class=\"wp-caption-text\">Hauptraum Bahnhofstra\u00dfe (Mitte 90er)<\/figcaption><\/figure>\n<p>Mindestens ebenso spannend verliefen die die ersten Kontakte zu mir bekannten Fans, um die eines Fan-Projektes vorzustellen. Einige waren zun\u00e4chst der irrigen Meinung, das Fan-Projekt wolle die Fan-Clubs ersetzen oder Schn\u00fcffelfunktion \u00fcbernehmen. Ich erinnere mich noch an eine durchzechte Nacht mit Assauer, Gerstner beim Besuch der Hunte-Macht im &#8222;moin,moin&#8220;, an die abgedrehte Type Olaf Piornack von Nord-Ost, oder etwa an das erste Treffen bei &#8222;Wally&#8217;s&#8220; mit der Fraktion der etwas h\u00e4rteren Gangart (mit freundlicher Vermittlung durch Willi und Fabian, hatte ich Schi\u00df, Junx!). Damals einigten wir uns \u00fcbrigens darauf, da\u00df wir uns gegenseitig besser friedlich aus dem Weg gehen. Es gab jedoch schon in den ersten aktiven Wochen des Fan-Projekts auch f\u00fcr die Oldenburger Hoolig\u00e4nse ausreichend Anla\u00df, unsere kritische Hilfe in Anspruch zu nehmen.<\/p>\n<p>Die n\u00e4chste H\u00fcrde war die Politische, aber zum Gl\u00fcck existiert unter einigen hiesigen offiziell-politischen K\u00f6pfen noch eine versteckte Leidenschaft f\u00fcr Fu\u00dfball <em>(Danke f\u00fcr Donnerschwee!Anm.d. T.)<\/em> ,und so lie\u00df sich auch die Stadt Oldenburg und der Jugendhilfeausschu\u00df zu einem 1ten Zuschu\u00df von 5000,-DM \u00fcberzeugen.<br \/>\nGemeinsam mit den Zusagen von Assauer (die zu unserem Pech offensichtlich nicht ganz abgestimmt zu sein schienen mit dem VfB-Vorstand) und Mitteln vom Arbeitsamt stand somit das Ger\u00fcst f\u00fcr Personal, Programmkosten und R\u00e4umlichkeiten, die das Jugendwerk der Arbeiterwohlfahrt zur Verf\u00fcgung stellte (damals noch in der Klingenbergstra\u00dfe), und der eigentliche Startschu\u00df war im Juli 1991, als Thomas Hafke als p\u00e4dagogischer Mitarbeiter im Fan-Projekt Oldenburg anfing.<\/p>\n<p>Vergessen m\u00f6chte ich nicht die aktive Unterst\u00fctzung vieler, teilweise bereits erw\u00e4hnter, Fans und von meiner damaligen Chefin Eva Rekowski.<\/p>\n","protected":false},"excerpt":{"rendered":"<p>Zu den Anf\u00e4ngen des Fan-Projektes in Oldenburg von Walter Dinninghoff \u00a0 Fr\u00fcher oder sp\u00e4ter h\u00e4tte vielleicht auch jemand anders die Idee f\u00fcr ein Fan-Projekt in &hellip; <\/p>\n","protected":false},"author":1,"featured_media":0,"parent":115,"menu_order":1,"comment_status":"open","ping_status":"open","template":"","meta":{"ngg_post_thumbnail":0,"cybocfi_hide_featured_image":"","footnotes":""},"class_list":["post-9","page","type-page","status-publish","hentry"],"_links":{"self":[{"href":"https:\/\/www.area97.de\/ofi\/index.php?rest_route=\/wp\/v2\/pages\/9","targetHints":{"allow":["GET"]}}],"collection":[{"href":"https:\/\/www.area97.de\/ofi\/index.php?rest_route=\/wp\/v2\/pages"}],"about":[{"href":"https:\/\/www.area97.de\/ofi\/index.php?rest_route=\/wp\/v2\/types\/page"}],"author":[{"embeddable":true,"href":"https:\/\/www.area97.de\/ofi\/index.php?rest_route=\/wp\/v2\/users\/1"}],"replies":[{"embeddable":true,"href":"https:\/\/www.area97.de\/ofi\/index.php?rest_route=%2Fwp%2Fv2%2Fcomments&post=9"}],"version-history":[{"count":32,"href":"https:\/\/www.area97.de\/ofi\/index.php?rest_route=\/wp\/v2\/pages\/9\/revisions"}],"predecessor-version":[{"id":4523,"href":"https:\/\/www.area97.de\/ofi\/index.php?rest_route=\/wp\/v2\/pages\/9\/revisions\/4523"}],"up":[{"embeddable":true,"href":"https:\/\/www.area97.de\/ofi\/index.php?rest_route=\/wp\/v2\/pages\/115"}],"wp:attachment":[{"href":"https:\/\/www.area97.de\/ofi\/index.php?rest_route=%2Fwp%2Fv2%2Fmedia&parent=9"}],"curies":[{"name":"wp","href":"https:\/\/api.w.org\/{rel}","templated":true}]}}